{"id":18,"date":"2022-01-03T16:48:35","date_gmt":"2022-01-03T15:48:35","guid":{"rendered":"https:\/\/www-test.heinselmaenner.de\/?page_id=18"},"modified":"2022-04-04T12:15:44","modified_gmt":"2022-04-04T10:15:44","slug":"kontakt","status":"publish","type":"page","link":"https:\/\/www.heinselmaenner.de\/?page_id=18","title":{"rendered":"Kontakt"},"content":{"rendered":"<p>[vc_row css_animation=&#8220;&#8220; row_type=&#8220;row&#8220; use_row_as_full_screen_section=&#8220;no&#8220; type=&#8220;full_width&#8220; angled_section=&#8220;no&#8220; text_align=&#8220;left&#8220; background_image_as_pattern=&#8220;without_pattern&#8220;][vc_column width=&#8220;5\/6&#8243; offset=&#8220;vc_col-md-offset-1 vc_col-md-10 vc_col-xs-offset-1&#8243; css=&#8220;.vc_custom_1645180661918{padding-bottom: 50px !important;}&#8220;][vc_column_text]Falls Sie Fragen, beispielsweise zum Thema \u201cSpenden\u201d oder zum Antragsverfahren haben, oder Ideen einbringen m\u00f6chten, kontaktieren Sie die HEiNSelm\u00e4nner gerne \u00fcber dieses Kontaktformular. Bitte f\u00fcllen Sie alle Felder aus, damit wir auf Ihr Anliegen antworten k\u00f6nnen.[\/vc_column_text][\/vc_column][\/vc_row][vc_row css_animation=&#8220;&#8220; row_type=&#8220;row&#8220; use_row_as_full_screen_section=&#8220;no&#8220; type=&#8220;full_width&#8220; angled_section=&#8220;no&#8220; text_align=&#8220;left&#8220; background_image_as_pattern=&#8220;without_pattern&#8220; css=&#8220;.vc_custom_1643806655106{padding-bottom: 50px !important;}&#8220; z_index=&#8220;&#8220;][vc_column width=&#8220;5\/6&#8243; offset=&#8220;vc_col-md-offset-0 vc_col-md-6 vc_col-sm-offset-1 vc_col-xs-offset-1 vc_col-xs-10&#8243;]\n<div class=\"wpcf7 no-js\" id=\"wpcf7-f172-o1\" lang=\"de-DE\" dir=\"ltr\">\n<div class=\"screen-reader-response\"><p role=\"status\" aria-live=\"polite\" aria-atomic=\"true\"><\/p> <ul><\/ul><\/div>\n<form action=\"\/index.php?rest_route=%2Fwp%2Fv2%2Fpages%2F18#wpcf7-f172-o1\" method=\"post\" class=\"wpcf7-form init cf7_custom_style_1\" aria-label=\"Kontaktformular\" novalidate=\"novalidate\" data-status=\"init\">\n<div style=\"display: none;\">\n<input type=\"hidden\" name=\"_wpcf7\" value=\"172\" \/>\n<input type=\"hidden\" name=\"_wpcf7_version\" value=\"5.7.4\" \/>\n<input type=\"hidden\" name=\"_wpcf7_locale\" value=\"de_DE\" \/>\n<input type=\"hidden\" name=\"_wpcf7_unit_tag\" value=\"wpcf7-f172-o1\" \/>\n<input type=\"hidden\" name=\"_wpcf7_container_post\" value=\"0\" \/>\n<input type=\"hidden\" name=\"_wpcf7_posted_data_hash\" value=\"\" \/>\n<\/div>\n<p><label> Ihr Name<br \/>\n<span class=\"wpcf7-form-control-wrap\" data-name=\"kontakt-name\"><input size=\"40\" class=\"wpcf7-form-control wpcf7-text wpcf7-validates-as-required\" id=\"rundesFeld\" aria-required=\"true\" aria-invalid=\"false\" value=\"\" type=\"text\" name=\"kontakt-name\" \/><\/span> <\/label>\n<\/p>\n<p><label> Ihre E-Mail-Adresse<br \/>\n<span class=\"wpcf7-form-control-wrap\" data-name=\"kontakt-email\"><input size=\"40\" class=\"wpcf7-form-control wpcf7-text wpcf7-email wpcf7-validates-as-required wpcf7-validates-as-email\" id=\"rundesFeld\" aria-required=\"true\" aria-invalid=\"false\" value=\"\" type=\"email\" name=\"kontakt-email\" \/><\/span> <\/label>\n<\/p>\n<p><label> Betreff<br \/>\n<span class=\"wpcf7-form-control-wrap\" data-name=\"kontakt-betreff\"><input size=\"40\" class=\"wpcf7-form-control wpcf7-text wpcf7-validates-as-required\" id=\"rundesFeld\" aria-required=\"true\" aria-invalid=\"false\" value=\"\" type=\"text\" name=\"kontakt-betreff\" \/><\/span> <\/label>\n<\/p>\n<p><label> Ihr Anliegen<br \/>\n<span class=\"wpcf7-form-control-wrap\" data-name=\"kontakt-nachricht\"><textarea cols=\"40\" rows=\"10\" class=\"wpcf7-form-control wpcf7-textarea\" id=\"rundesFeld\" aria-invalid=\"false\" name=\"kontakt-nachricht\"><\/textarea><\/span> <\/label><br \/>\n<span id=\"wpcf7-69f3afb3c42cd-wrapper\" class=\"wpcf7-form-control-wrap website-wrap\" style=\"display:none !important; visibility:hidden !important;\"><label for=\"website-01\" class=\"hp-message\">Bitte lasse dieses Feld leer.<\/label><input id=\"website-01\"  class=\"wpcf7-form-control wpcf7-text\" type=\"text\" name=\"website\" value=\"\" size=\"40\" tabindex=\"-1\" autocomplete=\"new-password\" \/><\/span><br \/>\n<span class=\"wpcf7-form-control-wrap\" data-name=\"datenschutz\"><span class=\"wpcf7-form-control wpcf7-acceptance\"><span class=\"wpcf7-list-item\"><label><input type=\"checkbox\" name=\"datenschutz\" value=\"1\" aria-invalid=\"false\" \/><span class=\"wpcf7-list-item-label\">Hiermit best\u00e4tige ich, dass ich mit der <a href=\"\/?page_id=3\">Datenschutzerkl\u00e4rung<\/a> einverstanden bin.<\/span><\/label><\/span><\/span><\/span>\n<\/p>\n<p><input class=\"wpcf7-form-control has-spinner wpcf7-submit\" id=\"contactSenden\" type=\"submit\" value=\"Senden\" \/>\n<\/p><p style=\"display: none !important;\"><label>&#916;<textarea name=\"_wpcf7_ak_hp_textarea\" cols=\"45\" rows=\"8\" maxlength=\"100\"><\/textarea><\/label><input type=\"hidden\" id=\"ak_js_1\" name=\"_wpcf7_ak_js\" value=\"234\"\/><script>document.getElementById( \"ak_js_1\" ).setAttribute( \"value\", ( new Date() ).getTime() );<\/script><\/p><div class=\"wpcf7-response-output\" aria-hidden=\"true\"><\/div>\n<\/form>\n<\/div>\n[vc_row_inner row_type=&#8220;row&#8220; type=&#8220;full_width&#8220; text_align=&#8220;left&#8220; css_animation=&#8220;&#8220; css=&#8220;.vc_custom_1643815632345{margin-top: 50px !important;margin-bottom: 30px !important;}&#8220;][vc_column_inner offset=&#8220;vc_hidden-lg vc_hidden-md&#8220;][vc_column_text]Alternativ k\u00f6nnen Sie uns auch \u00fcber Instagram oder direkt per Mail erreichen:<\/p>\n<ul style=\"list-style: none;\">\n<li><a href=\"https:\/\/www.instagram.com\/heinselmaenner\/\"><i class=\"qode_icon_font_awesome fa fa-instagram\"><\/i> heinselmaenner<\/a><\/li>\n<li><a href=\"mailto:kontakt@heinselmaenner.de\"><i class=\"qode_icon_font_awesome fa fa-envelope-o\"><\/i> kontakt@heinselmaenner.de<\/a><\/li>\n<\/ul>\n<p>[\/vc_column_text][\/vc_column_inner][\/vc_row_inner][\/vc_column][vc_column width=&#8220;1\/12&#8243; offset=&#8220;vc_hidden-sm vc_hidden-xs&#8220;]<div class=\"qode_vertical_separator\" style=\"height: 670px;width: 1px;background-color: #e5e5e5;margin: 0px 0px 0px 30px\">\n<\/div>[\/vc_column][vc_column width=&#8220;1\/3&#8243; offset=&#8220;vc_col-md-offset-0 vc_col-sm-offset-1 vc_hidden-sm vc_col-xs-offset-2 vc_hidden-xs&#8220;][vc_column_text]Alternativ k\u00f6nnen Sie uns auch \u00fcber Instagram oder direkt per Mail erreichen:<\/p>\n<ul style=\"list-style: none;\">\n<li><a href=\"https:\/\/www.instagram.com\/heinselmaenner\/\"><i class=\"qode_icon_font_awesome fa fa-instagram\"><\/i> heinselmaenner<\/a><\/li>\n<li><a href=\"mailto:kontakt@heinselmaenner.de\"><i class=\"qode_icon_font_awesome fa fa-envelope-o\"><\/i> kontakt@heinselmaenner.de<\/a><\/li>\n<\/ul>\n<p>[\/vc_column_text][\/vc_column][\/vc_row]<\/p>\n","protected":false},"excerpt":{"rendered":"<p>[vc_row css_animation=&#8220;&#8220; row_type=&#8220;row&#8220; use_row_as_full_screen_section=&#8220;no&#8220; type=&#8220;full_width&#8220; angled_section=&#8220;no&#8220; text_align=&#8220;left&#8220; background_image_as_pattern=&#8220;without_pattern&#8220;][vc_column width=&#8220;5\/6&#8243; offset=&#8220;vc_col-md-offset-1 vc_col-md-10 vc_col-xs-offset-1&#8243; css=&#8220;.vc_custom_1645180661918{padding-bottom: 50px !important;}&#8220;][vc_column_text]Falls Sie Fragen, beispielsweise zum Thema \u201cSpenden\u201d oder zum Antragsverfahren haben, oder Ideen einbringen m\u00f6chten, kontaktieren Sie die HEiNSelm\u00e4nner gerne \u00fcber dieses Kontaktformular. Bitte f\u00fcllen Sie alle Felder aus, damit wir&#8230;<\/p>\n","protected":false},"author":1,"featured_media":0,"parent":0,"menu_order":0,"comment_status":"closed","ping_status":"closed","template":"","meta":{"footnotes":""},"class_list":["post-18","page","type-page","status-publish","hentry"],"_links":{"self":[{"href":"https:\/\/www.heinselmaenner.de\/index.php?rest_route=\/wp\/v2\/pages\/18","targetHints":{"allow":["GET"]}}],"collection":[{"href":"https:\/\/www.heinselmaenner.de\/index.php?rest_route=\/wp\/v2\/pages"}],"about":[{"href":"https:\/\/www.heinselmaenner.de\/index.php?rest_route=\/wp\/v2\/types\/page"}],"author":[{"embeddable":true,"href":"https:\/\/www.heinselmaenner.de\/index.php?rest_route=\/wp\/v2\/users\/1"}],"replies":[{"embeddable":true,"href":"https:\/\/www.heinselmaenner.de\/index.php?rest_route=%2Fwp%2Fv2%2Fcomments&post=18"}],"version-history":[{"count":17,"href":"https:\/\/www.heinselmaenner.de\/index.php?rest_route=\/wp\/v2\/pages\/18\/revisions"}],"predecessor-version":[{"id":561,"href":"https:\/\/www.heinselmaenner.de\/index.php?rest_route=\/wp\/v2\/pages\/18\/revisions\/561"}],"wp:attachment":[{"href":"https:\/\/www.heinselmaenner.de\/index.php?rest_route=%2Fwp%2Fv2%2Fmedia&parent=18"}],"curies":[{"name":"wp","href":"https:\/\/api.w.org\/{rel}","templated":true}]}}