{"id":20,"date":"2022-01-03T16:49:14","date_gmt":"2022-01-03T15:49:14","guid":{"rendered":"https:\/\/www-test.heinselmaenner.de\/?page_id=20"},"modified":"2022-03-01T17:27:03","modified_gmt":"2022-03-01T16:27:03","slug":"spenden","status":"publish","type":"page","link":"https:\/\/www.heinselmaenner.de\/?page_id=20","title":{"rendered":"Spenden"},"content":{"rendered":"<p>[vc_row css_animation=&#8220;&#8220; row_type=&#8220;row&#8220; use_row_as_full_screen_section=&#8220;no&#8220; type=&#8220;full_width&#8220; angled_section=&#8220;no&#8220; text_align=&#8220;left&#8220; background_image_as_pattern=&#8220;without_pattern&#8220; css=&#8220;.vc_custom_1645025596032{margin-bottom: 100px !important;}&#8220; z_index=&#8220;&#8220;][vc_column width=&#8220;5\/6&#8243; offset=&#8220;vc_col-md-offset-1 vc_col-md-7&#8243; css=&#8220;.vc_custom_1645112584189{margin-bottom: 30px !important;}&#8220;][vc_column_text css=&#8220;.vc_custom_1645112668524{margin-bottom: 20px !important;}&#8220;]<\/p>\n<p style=\"text-align: justify;\"><span class=\"TextRun SCXW158351812 BCX0\" lang=\"DE-DE\" xml:lang=\"DE-DE\" data-contrast=\"auto\"><span class=\"NormalTextRun SCXW158351812 BCX0\">Vielleicht sind Sie ja auch von der Idee der <\/span><span class=\"NormalTextRun SpellingErrorV2 SCXW158351812 BCX0\">HEiNSelm\u00e4nner<\/span> <span class=\"NormalTextRun SCXW158351812 BCX0\">e.V. <\/span><span class=\"NormalTextRun SCXW158351812 BCX0\">\u00fcberzeugt, schnelle und zuverl\u00e4ssige Hilfe f\u00fcr in Not geratene Mensc<\/span><span class=\"NormalTextRun SCXW158351812 BCX0\">hen in Ihrer regionalen Nachbarschaft zu leisten <\/span><span class=\"NormalTextRun SCXW158351812 BCX0\">und m\u00f6chten die Initiative mit einer finanziellen Spende unterst\u00fctzen<\/span><span class=\"NormalTextRun SCXW158351812 BCX0\">? Die <\/span><span class=\"NormalTextRun SpellingErrorV2 SCXW158351812 BCX0\">HEiNSelm\u00e4nner<\/span><span class=\"NormalTextRun SCXW158351812 BCX0\"> e.V. freuen sich \u00fcber jede Hilfe! Denn sie sorgen daf\u00fcr, dass Ihre Zuwendung<\/span> <span class=\"NormalTextRun SCXW158351812 BCX0\">dazu <\/span><span class=\"NormalTextRun SCXW158351812 BCX0\">beitr\u00e4gt<\/span><span class=\"NormalTextRun SCXW158351812 BCX0\">, Menschen direkt vor Ihrer Haust\u00fcre aus Notsituationen <\/span><span class=\"NormalTextRun SCXW158351812 BCX0\">herausz<\/span><span class=\"NormalTextRun SCXW158351812 BCX0\">uhelfen<\/span><span class=\"NormalTextRun SCXW158351812 BCX0\"> und ein Alltagsleben au<\/span><span class=\"NormalTextRun SCXW158351812 BCX0\">fzu<\/span><span class=\"NormalTextRun SCXW158351812 BCX0\">bauen.\u00a0<\/span><\/span><span class=\"EOP SCXW158351812 BCX0\" data-ccp-props=\"{&quot;201341983&quot;:0,&quot;335559739&quot;:160,&quot;335559740&quot;:259}\">\u00a0<\/span><\/p>\n<p>[\/vc_column_text][vc_column_text css=&#8220;.vc_custom_1645112676878{margin-bottom: 20px !important;}&#8220;]<\/p>\n<p style=\"text-align: justify;\">Spenden und Beitr\u00e4ge an unseren Verein sind bis zu 200 EUR im vereinfachten Verfahren absetzbar. Dazu gen\u00fcgt der Kontoauszug, aus dem Betrag, Empf\u00e4nger und Verwendungszweck (Spende oder Beitrag) hervorgehen und den Text der folgenden Spendenquittung:<\/p>\n<p>[\/vc_column_text]<div class=\"qode-accordion-holder clearfix qode-toggle qode-initial \">\n\t<h3 class=\"clearfix qode-title-holder\">\n<span class=\"qode-tab-title\">\n\t\t\t<span class=\"qode-tab-title-icon\">\n\t\t\t<i class=\"qode_icon_font_awesome fa fa-file-o \" ><\/i>\t\t<\/span>\n\t    <span class=\"qode-tab-title-inner\">\n        Spendenquittung    <\/span>\n<\/span>\n<span class=\"qode-accordion-mark\">\n    <span class=\"qode-accordion-mark-icon\">\n        <span class=\"icon_plus\"><\/span>\n        <span class=\"icon_minus-06\"><\/span>\n    <\/span>\n<\/span>\n<\/h3>\n<div  class=\"qode-accordion-content qode-acc-title-with-icon\" >\n    <div class=\"qode-accordion-content-inner\">\n        [vc_column_text]<strong><span dir=\"ltr\" role=\"presentation\">Best\u00e4tigung \u00fcber Zuwendung f\u00fcr das Finanzamt<br \/>\n<\/span><\/strong><span dir=\"ltr\" role=\"presentation\">(bis 200,\u2013 EUR g\u00fcltig in Verbindung mit Ihrem Kontoauszug)<\/span><\/p>\n<p><br role=\"presentation\" \/><span dir=\"ltr\" role=\"presentation\">Der Verein \u201eDie HEiNSElm\u00e4nner e.V.\u201c ist nach dem letzten uns zugegangenen Bescheid<\/span><br role=\"presentation\" \/><span dir=\"ltr\" role=\"presentation\">des Finanzamtes Geilenkirchen vom 21.02.2022 zur Steuernummer 210\/5793\/3686<\/span><br role=\"presentation\" \/><span dir=\"ltr\" role=\"presentation\">gem\u00e4\u00df \u00a7 5 Abs. 1 Nr. 9 KStG von der K\u00f6rperschaftssteuer befreit. Spenden an \u201eDie<\/span><br role=\"presentation\" \/><span dir=\"ltr\" role=\"presentation\">HEinSelm\u00e4nner e.V.\u201c sind gem\u00e4\u00df \u00a7 10 b EStG steuerlich abzugsf\u00e4hig. Wir best\u00e4tigen,<\/span><br role=\"presentation\" \/><span dir=\"ltr\" role=\"presentation\">dass die Zuwendung nur zur F\u00f6rderung mildt\u00e4tiger Zwecke im Sinne der \u00a7\u00a7 51ff. AO<\/span><br role=\"presentation\" \/><span dir=\"ltr\" role=\"presentation\">verwendet wird.<\/span><\/p>\n<p><br role=\"presentation\" \/><span dir=\"ltr\" role=\"presentation\">Vielen Dank f\u00fcr Ihre Spende<\/span><br role=\"presentation\" \/><span dir=\"ltr\" role=\"presentation\">Die HEiNSelm\u00e4nner e.V.<\/span>[\/vc_column_text]    <\/div>\n<\/div><\/div>[\/vc_column][vc_column width=&#8220;5\/6&#8243; offset=&#8220;vc_col-md-offset-0 vc_col-md-3&#8243; css=&#8220;.vc_custom_1645112603059{margin-right: 10px !important;margin-left: 10px !important;border-top-width: 2px !important;border-right-width: 2px !important;border-bottom-width: 2px !important;border-left-width: 2px !important;padding-bottom: 35px !important;border-left-color: #ff8c82 !important;border-left-style: solid !important;border-right-color: #ff8c82 !important;border-right-style: solid !important;border-top-color: #ff8c82 !important;border-top-style: solid !important;border-bottom-color: #ff8c82 !important;border-bottom-style: solid !important;border-radius: 10px !important;}&#8220;][vc_single_image image=&#8220;406&#8243; img_size=&#8220;150&#215;150&#8243; alignment=&#8220;center&#8220; qode_css_animation=&#8220;&#8220;][vc_column_text css=&#8220;.vc_custom_1646148596954{margin-top: 30px !important;}&#8220;]<strong>Bank:<\/strong> Volksbank Heinsberg eG<\/p>\n<p><strong>IBAN:<\/strong> DE23 3706 9412 3018 5520 18<\/p>\n<p><strong>BIC:<\/strong> GENODED1HRB[\/vc_column_text][\/vc_column][\/vc_row]<\/p>\n","protected":false},"excerpt":{"rendered":"<p>[vc_row css_animation=&#8220;&#8220; row_type=&#8220;row&#8220; use_row_as_full_screen_section=&#8220;no&#8220; type=&#8220;full_width&#8220; angled_section=&#8220;no&#8220; text_align=&#8220;left&#8220; background_image_as_pattern=&#8220;without_pattern&#8220; css=&#8220;.vc_custom_1645025596032{margin-bottom: 100px !important;}&#8220; z_index=&#8220;&#8220;][vc_column width=&#8220;5\/6&#8243; offset=&#8220;vc_col-md-offset-1 vc_col-md-7&#8243; css=&#8220;.vc_custom_1645112584189{margin-bottom: 30px !important;}&#8220;][vc_column_text css=&#8220;.vc_custom_1645112668524{margin-bottom: 20px !important;}&#8220;] Vielleicht sind Sie ja auch von der Idee der HEiNSelm\u00e4nner e.V. \u00fcberzeugt, schnelle und zuverl\u00e4ssige Hilfe f\u00fcr in Not geratene Menschen in Ihrer regionalen&#8230;<\/p>\n","protected":false},"author":1,"featured_media":0,"parent":0,"menu_order":0,"comment_status":"closed","ping_status":"closed","template":"","meta":{"footnotes":""},"class_list":["post-20","page","type-page","status-publish","hentry"],"_links":{"self":[{"href":"https:\/\/www.heinselmaenner.de\/index.php?rest_route=\/wp\/v2\/pages\/20","targetHints":{"allow":["GET"]}}],"collection":[{"href":"https:\/\/www.heinselmaenner.de\/index.php?rest_route=\/wp\/v2\/pages"}],"about":[{"href":"https:\/\/www.heinselmaenner.de\/index.php?rest_route=\/wp\/v2\/types\/page"}],"author":[{"embeddable":true,"href":"https:\/\/www.heinselmaenner.de\/index.php?rest_route=\/wp\/v2\/users\/1"}],"replies":[{"embeddable":true,"href":"https:\/\/www.heinselmaenner.de\/index.php?rest_route=%2Fwp%2Fv2%2Fcomments&post=20"}],"version-history":[{"count":12,"href":"https:\/\/www.heinselmaenner.de\/index.php?rest_route=\/wp\/v2\/pages\/20\/revisions"}],"predecessor-version":[{"id":474,"href":"https:\/\/www.heinselmaenner.de\/index.php?rest_route=\/wp\/v2\/pages\/20\/revisions\/474"}],"wp:attachment":[{"href":"https:\/\/www.heinselmaenner.de\/index.php?rest_route=%2Fwp%2Fv2%2Fmedia&parent=20"}],"curies":[{"name":"wp","href":"https:\/\/api.w.org\/{rel}","templated":true}]}}