{"id":22,"date":"2022-01-03T16:51:53","date_gmt":"2022-01-03T15:51:53","guid":{"rendered":"https:\/\/www-test.heinselmaenner.de\/?page_id=22"},"modified":"2022-03-07T17:22:47","modified_gmt":"2022-03-07T16:22:47","slug":"antrag","status":"publish","type":"page","link":"https:\/\/www.heinselmaenner.de\/?page_id=22","title":{"rendered":"Antrag"},"content":{"rendered":"<p>[vc_row css_animation=&#8220;&#8220; row_type=&#8220;row&#8220; use_row_as_full_screen_section=&#8220;yes&#8220; type=&#8220;full_width&#8220; angled_section=&#8220;no&#8220; text_align=&#8220;left&#8220; background_image_as_pattern=&#8220;without_pattern&#8220; css=&#8220;.vc_custom_1644925987164{padding-bottom: 100px !important;}&#8220; z_index=&#8220;&#8220;][vc_column width=&#8220;5\/6&#8243; offset=&#8220;vc_col-lg-offset-3 vc_col-lg-6 vc_col-md-offset-2 vc_col-md-8 vc_col-xs-offset-1 vc_col-xs-10&#8243; css=&#8220;.vc_custom_1645180853759{margin-bottom: 60px !important;}&#8220;][vc_column_text]<\/p>\n<p style=\"text-align: center;\">Grunds\u00e4tzlich haben die HEiNSelm\u00e4nner e.V. ein offenes Ohr f\u00fcr jeden, der sich mit einem Anliegen an sie wendet. Zur Pr\u00fcfung des Hilfsgesuchs bitten wir Sie, den folgenden Online-Antrag vollst\u00e4ndig auszuf\u00fcllen.<\/p>\n<p>[\/vc_column_text][vc_row_inner row_type=&#8220;row&#8220; type=&#8220;full_width&#8220; text_align=&#8220;left&#8220; css_animation=&#8220;&#8220;][vc_column_inner css=&#8220;.vc_custom_1646670166387{margin-top: 50px !important;margin-bottom: 50px !important;}&#8220; offset=&#8220;vc_hidden-lg vc_hidden-md&#8220;][vc_column_text]\n<div class=\"wpcf7 no-js\" id=\"wpcf7-f533-o1\" lang=\"de-DE\" dir=\"ltr\">\n<div class=\"screen-reader-response\"><p role=\"status\" aria-live=\"polite\" aria-atomic=\"true\"><\/p> <ul><\/ul><\/div>\n<form action=\"\/index.php?rest_route=%2Fwp%2Fv2%2Fpages%2F22#wpcf7-f533-o1\" method=\"post\" class=\"wpcf7-form init\" aria-label=\"Kontaktformular\" novalidate=\"novalidate\" data-status=\"init\">\n<div style=\"display: none;\">\n<input type=\"hidden\" name=\"_wpcf7\" value=\"533\" \/>\n<input type=\"hidden\" name=\"_wpcf7_version\" value=\"5.7.4\" \/>\n<input type=\"hidden\" name=\"_wpcf7_locale\" value=\"de_DE\" \/>\n<input type=\"hidden\" name=\"_wpcf7_unit_tag\" value=\"wpcf7-f533-o1\" \/>\n<input type=\"hidden\" name=\"_wpcf7_container_post\" value=\"0\" \/>\n<input type=\"hidden\" name=\"_wpcf7_posted_data_hash\" value=\"\" \/>\n<\/div>\n<div>\n\t<p><label> Ihr Name*<br \/>\n<span class=\"wpcf7-form-control-wrap\" data-name=\"antrag-name\"><input size=\"40\" class=\"wpcf7-form-control wpcf7-text wpcf7-validates-as-required\" id=\"rundesFeld\" aria-required=\"true\" aria-invalid=\"false\" value=\"\" type=\"text\" name=\"antrag-name\" \/><\/span> <\/label>\n\t<\/p>\n\t<p><label> Telefonnummer*<br \/>\n<span class=\"wpcf7-form-control-wrap\" data-name=\"antrag-telefon\"><input size=\"40\" class=\"wpcf7-form-control wpcf7-text wpcf7-tel wpcf7-validates-as-required wpcf7-validates-as-tel\" id=\"rundesFeld\" aria-required=\"true\" aria-invalid=\"false\" value=\"\" type=\"tel\" name=\"antrag-telefon\" \/><\/span> <\/label>\n\t<\/p>\n\t<p><label> E-Mail-Adresse*<br \/>\n<span class=\"wpcf7-form-control-wrap\" data-name=\"antrag-email\"><input size=\"40\" class=\"wpcf7-form-control wpcf7-text wpcf7-email wpcf7-validates-as-required wpcf7-validates-as-email\" id=\"rundesFeld\" aria-required=\"true\" aria-invalid=\"false\" value=\"\" type=\"email\" name=\"antrag-email\" \/><\/span> <\/label>\n\t<\/p>\n\t<p><label> Stra\u00dfe und Hausnummer*<br \/>\n<span class=\"wpcf7-form-control-wrap\" data-name=\"antrag-strasse\"><input size=\"40\" class=\"wpcf7-form-control wpcf7-text wpcf7-validates-as-required\" id=\"rundesFeld\" aria-required=\"true\" aria-invalid=\"false\" value=\"\" type=\"text\" name=\"antrag-strasse\" \/><\/span> <\/label>\n\t<\/p>\n\t<p><label> Postleitzahl*<br \/>\n<span class=\"wpcf7-form-control-wrap\" data-name=\"antrag-plz\"><input class=\"wpcf7-form-control wpcf7-number wpcf7-validates-as-required wpcf7-validates-as-number\" id=\"rundesFeld\" aria-required=\"true\" aria-invalid=\"false\" value=\"\" type=\"number\" name=\"antrag-plz\" \/><\/span> <\/label>\n\t<\/p>\n\t<p><label> Stadt*<br \/>\n<span class=\"wpcf7-form-control-wrap\" data-name=\"antrag-stadt\"><input size=\"40\" class=\"wpcf7-form-control wpcf7-text wpcf7-validates-as-required\" id=\"rundesFeld\" aria-required=\"true\" aria-invalid=\"false\" value=\"\" type=\"text\" name=\"antrag-stadt\" \/><\/span><\/label>\n\t<\/p>\n\t<p><label> Name der oder des Notleidenden*<br \/>\n<span class=\"wpcf7-form-control-wrap\" data-name=\"antrag-not\"><input size=\"40\" class=\"wpcf7-form-control wpcf7-text wpcf7-validates-as-required\" id=\"rundesFeld\" aria-required=\"true\" aria-invalid=\"false\" value=\"\" type=\"text\" name=\"antrag-not\" \/><\/span> <\/label>\n\t<\/p>\n\t<p><label> Betreff*<br \/>\n<span class=\"wpcf7-form-control-wrap\" data-name=\"your-subject\"><input size=\"40\" class=\"wpcf7-form-control wpcf7-text wpcf7-validates-as-required\" id=\"rundesFeld\" aria-required=\"true\" aria-invalid=\"false\" value=\"\" type=\"text\" name=\"your-subject\" \/><\/span> <\/label>\n\t<\/p>\n<\/div>\n<p><label> Beschreibung der Situation*<br \/>\n<span class=\"wpcf7-form-control-wrap\" data-name=\"antrag-situation\"><textarea cols=\"40\" rows=\"10\" class=\"wpcf7-form-control wpcf7-textarea wpcf7-validates-as-required\" id=\"rundesFeld\" aria-required=\"true\" aria-invalid=\"false\" name=\"antrag-situation\"><\/textarea><\/span> <\/label><br \/>\n<span id=\"wpcf7-69f3afc10c9f0-wrapper\" class=\"wpcf7-form-control-wrap website-wrap\" style=\"display:none !important; visibility:hidden !important;\"><label for=\"website-02\" class=\"hp-message\">Bitte lasse dieses Feld leer.<\/label><input id=\"website-02\"  class=\"wpcf7-form-control wpcf7-text\" type=\"text\" name=\"website\" value=\"\" size=\"40\" tabindex=\"-1\" autocomplete=\"new-password\" \/><\/span><br \/>\n<span class=\"wpcf7-form-control-wrap\" data-name=\"datenschutz\"><span class=\"wpcf7-form-control wpcf7-acceptance\"><span class=\"wpcf7-list-item\"><label><input type=\"checkbox\" name=\"datenschutz\" value=\"1\" aria-invalid=\"false\" \/><span class=\"wpcf7-list-item-label\">Hiermit best\u00e4tige ich, dass ich mit der <a href=\"\/?page_id=3\">Datenschutzerkl\u00e4rung<\/a> einverstanden bin.<\/span><\/label><\/span><\/span><\/span>\n<\/p>\n<p><input class=\"wpcf7-form-control has-spinner wpcf7-submit\" id=\"contactSenden\" type=\"submit\" value=\"Senden\" \/>\n<\/p><p style=\"display: none !important;\"><label>&#916;<textarea name=\"_wpcf7_ak_hp_textarea\" cols=\"45\" rows=\"8\" maxlength=\"100\"><\/textarea><\/label><input type=\"hidden\" id=\"ak_js_1\" name=\"_wpcf7_ak_js\" value=\"0\"\/><script>document.getElementById( \"ak_js_1\" ).setAttribute( \"value\", ( new Date() ).getTime() );<\/script><\/p><div class=\"wpcf7-response-output\" aria-hidden=\"true\"><\/div>\n<\/form>\n<\/div>\n[\/vc_column_text][\/vc_column_inner][\/vc_row_inner][\/vc_column][vc_column width=&#8220;5\/6&#8243; css=&#8220;.vc_custom_1646669545709{padding-bottom: 50px !important;}&#8220; offset=&#8220;vc_col-md-offset-2 vc_col-md-5 vc_hidden-sm vc_col-xs-offset-1 vc_hidden-xs&#8220;][vc_column_text]\n<div class=\"wpcf7 no-js\" id=\"wpcf7-f217-o2\" lang=\"de-DE\" dir=\"ltr\">\n<div class=\"screen-reader-response\"><p role=\"status\" aria-live=\"polite\" aria-atomic=\"true\"><\/p> <ul><\/ul><\/div>\n<form action=\"\/index.php?rest_route=%2Fwp%2Fv2%2Fpages%2F22#wpcf7-f217-o2\" method=\"post\" class=\"wpcf7-form init\" aria-label=\"Kontaktformular\" novalidate=\"novalidate\" data-status=\"init\">\n<div style=\"display: none;\">\n<input type=\"hidden\" name=\"_wpcf7\" value=\"217\" \/>\n<input type=\"hidden\" name=\"_wpcf7_version\" value=\"5.7.4\" \/>\n<input type=\"hidden\" name=\"_wpcf7_locale\" value=\"de_DE\" \/>\n<input type=\"hidden\" name=\"_wpcf7_unit_tag\" value=\"wpcf7-f217-o2\" \/>\n<input type=\"hidden\" name=\"_wpcf7_container_post\" value=\"0\" \/>\n<input type=\"hidden\" name=\"_wpcf7_posted_data_hash\" value=\"\" \/>\n<\/div>\n<div class=\"one-half\">\n\t<p><label> Ihr Name*<br \/>\n<span class=\"wpcf7-form-control-wrap\" data-name=\"antrag-name\"><input size=\"40\" class=\"wpcf7-form-control wpcf7-text wpcf7-validates-as-required\" id=\"rundesFeld\" aria-required=\"true\" aria-invalid=\"false\" value=\"\" type=\"text\" name=\"antrag-name\" \/><\/span> <\/label>\n\t<\/p>\n\t<p><label> Telefonnummer*<br \/>\n<span class=\"wpcf7-form-control-wrap\" data-name=\"antrag-telefon\"><input size=\"40\" class=\"wpcf7-form-control wpcf7-text wpcf7-tel wpcf7-validates-as-required wpcf7-validates-as-tel\" id=\"rundesFeld\" aria-required=\"true\" aria-invalid=\"false\" value=\"\" type=\"tel\" name=\"antrag-telefon\" \/><\/span> <\/label>\n\t<\/p>\n\t<p><label> Postleitzahl*<br \/>\n<span class=\"wpcf7-form-control-wrap\" data-name=\"antrag-plz\"><input class=\"wpcf7-form-control wpcf7-number wpcf7-validates-as-required wpcf7-validates-as-number\" id=\"rundesFeld\" aria-required=\"true\" aria-invalid=\"false\" value=\"\" type=\"number\" name=\"antrag-plz\" \/><\/span> <\/label>\n\t<\/p>\n\t<p><label> Betreff*<br \/>\n<span class=\"wpcf7-form-control-wrap\" data-name=\"your-subject\"><input size=\"40\" class=\"wpcf7-form-control wpcf7-text wpcf7-validates-as-required\" id=\"rundesFeld\" aria-required=\"true\" aria-invalid=\"false\" value=\"\" type=\"text\" name=\"your-subject\" \/><\/span> <\/label>\n\t<\/p>\n<\/div>\n<div class=\"one-half last\">\n\t<p><label> E-Mail-Adresse*<br \/>\n<span class=\"wpcf7-form-control-wrap\" data-name=\"antrag-email\"><input size=\"40\" class=\"wpcf7-form-control wpcf7-text wpcf7-email wpcf7-validates-as-required wpcf7-validates-as-email\" id=\"rundesFeld\" aria-required=\"true\" aria-invalid=\"false\" value=\"\" type=\"email\" name=\"antrag-email\" \/><\/span> <\/label>\n\t<\/p>\n\t<p><label> Stra\u00dfe und Hausnummer*<br \/>\n<span class=\"wpcf7-form-control-wrap\" data-name=\"antrag-strasse\"><input size=\"40\" class=\"wpcf7-form-control wpcf7-text wpcf7-validates-as-required\" id=\"rundesFeld\" aria-required=\"true\" aria-invalid=\"false\" value=\"\" type=\"text\" name=\"antrag-strasse\" \/><\/span> <\/label>\n\t<\/p>\n\t<p><label> Stadt*<br \/>\n<span class=\"wpcf7-form-control-wrap\" data-name=\"antrag-stadt\"><input size=\"40\" class=\"wpcf7-form-control wpcf7-text wpcf7-validates-as-required\" id=\"rundesFeld\" aria-required=\"true\" aria-invalid=\"false\" value=\"\" type=\"text\" name=\"antrag-stadt\" \/><\/span><\/label>\n\t<\/p>\n\t<p><label> Name der oder des Notleidenden*<br \/>\n<span class=\"wpcf7-form-control-wrap\" data-name=\"antrag-not\"><input size=\"40\" class=\"wpcf7-form-control wpcf7-text wpcf7-validates-as-required\" id=\"rundesFeld\" aria-required=\"true\" aria-invalid=\"false\" value=\"\" type=\"text\" name=\"antrag-not\" \/><\/span> <\/label>\n\t<\/p>\n<\/div>\n<p><label> Beschreibung der Situation*<br \/>\n<span class=\"wpcf7-form-control-wrap\" data-name=\"antrag-situation\"><textarea cols=\"40\" rows=\"10\" class=\"wpcf7-form-control wpcf7-textarea wpcf7-validates-as-required\" id=\"rundesFeld\" aria-required=\"true\" aria-invalid=\"false\" name=\"antrag-situation\"><\/textarea><\/span> <\/label><br \/>\n<span id=\"wpcf7-69f3afc10ce6b-wrapper\" class=\"wpcf7-form-control-wrap website-wrap\" style=\"display:none !important; visibility:hidden !important;\"><label for=\"website-0\" class=\"hp-message\">Bitte lasse dieses Feld leer.<\/label><input id=\"website-0\"  class=\"wpcf7-form-control wpcf7-text\" type=\"text\" name=\"website\" value=\"\" size=\"40\" tabindex=\"-1\" autocomplete=\"new-password\" \/><\/span><br \/>\n<span class=\"wpcf7-form-control-wrap\" data-name=\"datenschutz\"><span class=\"wpcf7-form-control wpcf7-acceptance\"><span class=\"wpcf7-list-item\"><label><input type=\"checkbox\" name=\"datenschutz\" value=\"1\" aria-invalid=\"false\" \/><span class=\"wpcf7-list-item-label\">Hiermit best\u00e4tige ich, dass ich mit der <a href=\"\/?page_id=3\">Datenschutzerkl\u00e4rung<\/a> einverstanden bin.<\/span><\/label><\/span><\/span><\/span>\n<\/p>\n<p><input class=\"wpcf7-form-control has-spinner wpcf7-submit\" id=\"contactSenden\" type=\"submit\" value=\"Senden\" \/>\n<\/p><p style=\"display: none !important;\"><label>&#916;<textarea name=\"_wpcf7_ak_hp_textarea\" cols=\"45\" rows=\"8\" maxlength=\"100\"><\/textarea><\/label><input type=\"hidden\" id=\"ak_js_2\" name=\"_wpcf7_ak_js\" value=\"21\"\/><script>document.getElementById( \"ak_js_2\" ).setAttribute( \"value\", ( new Date() ).getTime() );<\/script><\/p><div class=\"wpcf7-response-output\" aria-hidden=\"true\"><\/div>\n<\/form>\n<\/div>\n[\/vc_column_text][\/vc_column][vc_column width=&#8220;5\/6&#8243; offset=&#8220;vc_col-lg-4 vc_col-md-offset-0 vc_col-md-4 vc_col-xs-offset-1 vc_col-xs-10&#8243; css=&#8220;.vc_custom_1645177981725{padding-right: 80px !important;padding-left: 50px !important;}&#8220;][vc_column_text]<\/p>\n<h3>Ablauf<\/h3>\n<p>Wir k\u00f6nnen nicht allen helfen, daher durchl\u00e4uft jeder Antrag den gleichen Prozess:<\/p>\n<p>&nbsp;<\/p>\n<p><!============= Process Steps Template Designer 1.3.2 =============><div id=\"ps-timelined9eb1b98159dbe17ec4abd216400c594\" class=\"row example-centered\"><ul class=\"ps_timeline ps_timeline-centered\"><li class=\"ps_timeline-item\"><div class=\"ps_timeline-marker\"><\/div><div class=\"ps_timeline-content\"><h3 class=\"ps_timeline-label\"><\/h3><h4 class=\"ps_timeline-title\">Antrag stellen<\/h4><p><span class=\"icon-placeholder-v\"><i class=\"fas fa-pencil-alt\"><\/i><\/span> <\/p><div class=\"ps_v_content\"> <p><p>Sie stellen einen Antrag auf Unterst\u00fctzung, in welchem Sie alle ben\u00f6tigten Daten f\u00fcr den Erstkontakt bereitstellen.<\/p>\n<\/p><\/div><\/div><\/li><li class=\"ps_timeline-item\"><div class=\"ps_timeline-marker\"><\/div><div class=\"ps_timeline-content\"><h3 class=\"ps_timeline-label\"><\/h3><h4 class=\"ps_timeline-title\">Pr\u00fcfung und Kontaktaufnahme<\/h4><p><span class=\"icon-placeholder-v\"><i class=\"fas fa-clock\"><\/i><\/span> <\/p><div class=\"ps_v_content\"> <p><p>Wir sichten Ihren Antrag und melden uns bei Ihnen, um weitere Informationen abzufragen.<\/p>\n<\/p><\/div><\/div><\/li><li class=\"ps_timeline-item\"><div class=\"ps_timeline-marker\"><\/div><div class=\"ps_timeline-content\"><h3 class=\"ps_timeline-label\"><\/h3><h4 class=\"ps_timeline-title\">Abstimmung des Gremiums<\/h4><p><span class=\"icon-placeholder-v\"><i class=\"fab fa-black-tie\"><\/i><\/span> <\/p><div class=\"ps_v_content\"> <p><p>Sind alle n\u00f6tigen Informationen vorhanden, stimmt das Gremium \u00fcber Ihren Antrag ab. Wir melden uns schnellstm\u00f6glich.<\/p>\n<\/p><\/div><\/div><\/li><\/ul><\/div><style type=\"text\/css\">#ps-timelined9eb1b98159dbe17ec4abd216400c594 .ps_timeline-content .ps_timeline-label{color:#cfe8ff!important;}\r\n\t\t\t           #ps-timelined9eb1b98159dbe17ec4abd216400c594 .icon-placeholder-v i {\r\n                       color:#cfe8ff!important;}\r\n\t\t\t\t       #ps-timelined9eb1b98159dbe17ec4abd216400c594 .ps_timeline-marker:after { background: #cfe8ff!important; }\r\n\t\t\t\t       #ps-timelined9eb1b98159dbe17ec4abd216400c594 .ps_timeline-marker:before{background: #cfe8ff!important;}\r\n\t\t\t\t       #ps-timelined9eb1b98159dbe17ec4abd216400c594 .ps_timeline-content .ps_timeline-title { border-bottom-color: #cfe8ff!important;}#ps-timelined9eb1b98159dbe17ec4abd216400c594 .icon-placeholder-v i {\r\n\t\t\t\t\tfont-size:48px!important;}<\/style>[\/vc_column_text][\/vc_column][\/vc_row]<\/p>\n","protected":false},"excerpt":{"rendered":"<p>[vc_row css_animation=&#8220;&#8220; row_type=&#8220;row&#8220; use_row_as_full_screen_section=&#8220;yes&#8220; type=&#8220;full_width&#8220; angled_section=&#8220;no&#8220; text_align=&#8220;left&#8220; background_image_as_pattern=&#8220;without_pattern&#8220; css=&#8220;.vc_custom_1644925987164{padding-bottom: 100px !important;}&#8220; z_index=&#8220;&#8220;][vc_column width=&#8220;5\/6&#8243; offset=&#8220;vc_col-lg-offset-3 vc_col-lg-6 vc_col-md-offset-2 vc_col-md-8 vc_col-xs-offset-1 vc_col-xs-10&#8243; css=&#8220;.vc_custom_1645180853759{margin-bottom: 60px !important;}&#8220;][vc_column_text] Grunds\u00e4tzlich haben die HEiNSelm\u00e4nner e.V. ein offenes Ohr f\u00fcr jeden, der sich mit einem Anliegen an sie wendet. Zur Pr\u00fcfung des Hilfsgesuchs bitten&#8230;<\/p>\n","protected":false},"author":1,"featured_media":0,"parent":0,"menu_order":0,"comment_status":"closed","ping_status":"closed","template":"full_width.php","meta":{"footnotes":""},"class_list":["post-22","page","type-page","status-publish","hentry"],"_links":{"self":[{"href":"https:\/\/www.heinselmaenner.de\/index.php?rest_route=\/wp\/v2\/pages\/22","targetHints":{"allow":["GET"]}}],"collection":[{"href":"https:\/\/www.heinselmaenner.de\/index.php?rest_route=\/wp\/v2\/pages"}],"about":[{"href":"https:\/\/www.heinselmaenner.de\/index.php?rest_route=\/wp\/v2\/types\/page"}],"author":[{"embeddable":true,"href":"https:\/\/www.heinselmaenner.de\/index.php?rest_route=\/wp\/v2\/users\/1"}],"replies":[{"embeddable":true,"href":"https:\/\/www.heinselmaenner.de\/index.php?rest_route=%2Fwp%2Fv2%2Fcomments&post=22"}],"version-history":[{"count":38,"href":"https:\/\/www.heinselmaenner.de\/index.php?rest_route=\/wp\/v2\/pages\/22\/revisions"}],"predecessor-version":[{"id":544,"href":"https:\/\/www.heinselmaenner.de\/index.php?rest_route=\/wp\/v2\/pages\/22\/revisions\/544"}],"wp:attachment":[{"href":"https:\/\/www.heinselmaenner.de\/index.php?rest_route=%2Fwp%2Fv2%2Fmedia&parent=22"}],"curies":[{"name":"wp","href":"https:\/\/api.w.org\/{rel}","templated":true}]}}